{"id":1072,"date":"2024-11-11T19:57:47","date_gmt":"2024-11-11T19:57:47","guid":{"rendered":"https:\/\/necmhttc.org\/storylinesamples\/?page_id=1072"},"modified":"2024-11-12T15:09:09","modified_gmt":"2024-11-12T15:09:09","slug":"imr-module-3-spanish","status":"publish","type":"page","link":"https:\/\/necmhttc.org\/storylinesamples\/illness-management-and-recovery-spanish\/imr-module-3-spanish\/","title":{"rendered":"IMR &#8211; Module 3 Spanish"},"content":{"rendered":"<p>[et_pb_section fb_built=&#8221;1&#8243; admin_label=&#8221;Hero Section&#8221; _builder_version=&#8221;4.17.6&#8243; use_background_color_gradient=&#8221;on&#8221; background_color_gradient_direction=&#8221;90deg&#8221; background_color_gradient_stops=&#8221;rgba(244,240,233,0.9) 30%|rgba(244,240,233,0) 100%&#8221; background_color_gradient_overlays_image=&#8221;on&#8221; background_color_gradient_start=&#8221;rgba(244,240,233,0.9)&#8221; background_color_gradient_start_position=&#8221;30%&#8221; background_color_gradient_end=&#8221;rgba(244,240,233,0)&#8221; background_image=&#8221;https:\/\/necmhttc.org\/storylinesamples\/wp-content\/uploads\/sites\/2\/2022\/08\/IMR-Wordpress-Header-2.jpg&#8221; custom_margin=&#8221;|||&#8221; custom_padding=&#8221;3px|0px|21px|0px||&#8221; global_colors_info=&#8221;{}&#8221;][et_pb_row custom_padding_last_edited=&#8221;off|desktop&#8221; admin_label=&#8221;Hero Area&#8221; _builder_version=&#8221;4.17.6&#8243; custom_padding=&#8221;27px|0px|0px|0px&#8221; global_colors_info=&#8221;{}&#8221;][et_pb_column type=&#8221;4_4&#8243; _builder_version=&#8221;4.16&#8243; custom_padding=&#8221;|||&#8221; global_colors_info=&#8221;{}&#8221; custom_padding__hover=&#8221;|||&#8221;][et_pb_text admin_label=&#8221;Hero Title&#8221; _builder_version=&#8221;4.27.2&#8243; text_font=&#8221;Playfair Display||||||||&#8221; header_font=&#8221;Alice||||||||&#8221; header_font_size=&#8221;50px&#8221; header_letter_spacing=&#8221;-3px&#8221; header_line_height=&#8221;1.1em&#8221; custom_margin=&#8221;||0px|&#8221; custom_padding=&#8221;|||&#8221; animation_style=&#8221;slide&#8221; animation_direction=&#8221;left&#8221; animation_intensity_slide=&#8221;5%&#8221; animation_starting_opacity=&#8221;100%&#8221; text_font_size_last_edited=&#8221;off|desktop&#8221; header_font_size_tablet=&#8221;&#8221; header_font_size_phone=&#8221;60px&#8221; header_font_size_last_edited=&#8221;on|phone&#8221; global_colors_info=&#8221;{}&#8221;]<\/p>\n<h1>M\u00f3dulo IMR 3<\/h1>\n<p>[\/et_pb_text][\/et_pb_column][\/et_pb_row][\/et_pb_section][et_pb_section fb_built=&#8221;1&#8243; admin_label=&#8221;Gallery Section&#8221; _builder_version=&#8221;4.16&#8243; custom_padding=&#8221;0px||90px|&#8221; global_colors_info=&#8221;{}&#8221;][et_pb_row _builder_version=&#8221;4.16&#8243; global_colors_info=&#8221;{}&#8221;][et_pb_column type=&#8221;4_4&#8243; _builder_version=&#8221;4.16&#8243; custom_padding=&#8221;|||&#8221; global_colors_info=&#8221;{}&#8221; custom_padding__hover=&#8221;|||&#8221;][et_pb_text admin_label=&#8221;Introductory Text&#8221; _builder_version=&#8221;4.27.2&#8243; _module_preset=&#8221;default&#8221; global_colors_info=&#8221;{}&#8221;]<\/p>\n<p><strong>Estrategias pr\u00e1cticas para m\u00e9dicos de IMR<\/strong><\/p>\n<p><strong>Instrucciones:<\/strong><\/p>\n<p>Haga clic en el bot\u00f3n Iniciar para iniciar el m\u00f3dulo. El m\u00f3dulo se abrir\u00e1 en una ventana separada. Puede abandonar el m\u00f3dulo en cualquier momento; sin embargo, en este ejemplo, debido a algunas limitaciones de WordPress, no podr\u00e1 continuar donde lo dej\u00f3.<\/p>\n<p>Hay multimedia en todos nuestros m\u00f3dulos, as\u00ed que aseg\u00farese de que el audio est\u00e9 encendido al verlo. Probablemente tendr\u00e1 la mejor experiencia de audio si usa auriculares.<\/p>\n<p>Transcripci\u00f3n:\u00a0\u00a0<br \/><a href=\"https:\/\/necmhttc.org\/storylinesamples\/wp-content\/uploads\/sites\/2\/2024\/11\/Modulo-3-de-IMR_-Estrategias-practicas-para-medicos.pdf\" rel=\"attachment wp-att-1098\">M\u00f3dulo 3 de IMR_ Estrategias pr\u00e1cticas para m\u00e9dicos<\/a><\/p>\n<p>&nbsp;<\/p>\n<p>[\/et_pb_text][et_pb_text admin_label=&#8221;Code for Module&#8221; _builder_version=&#8221;4.27.2&#8243; _module_preset=&#8221;default&#8221; hover_enabled=&#8221;0&#8243; global_colors_info=&#8221;{}&#8221; sticky_enabled=&#8221;0&#8243;]<\/p>\n<p><a target=\"_blank\" href=\"\/storylinesamples\/wp-content\/uploads\/sites\/2\/articulate_uploads\/Modulo-3-de-IMR\/story.html\"><img decoding=\"async\" src=\"https:\/\/necmhttc.org\/storylinesamples\/wp-content\/plugins\/insert-or-embed-articulate-content-into-wordpress-premium\/launch_presentation.gif\" alt=\"Launch Presentation\" \/><\/a>\n<p>[\/et_pb_text][\/et_pb_column][\/et_pb_row][\/et_pb_section]<\/p>\n","protected":false},"excerpt":{"rendered":"<p>M\u00f3dulo IMR 3Estrategias pr\u00e1cticas para m\u00e9dicos de IMR Instrucciones: Haga clic en el bot\u00f3n Iniciar para iniciar el m\u00f3dulo. El m\u00f3dulo se abrir\u00e1 en una ventana separada. Puede abandonar el m\u00f3dulo en cualquier momento; sin embargo, en este ejemplo, debido a algunas limitaciones de WordPress, no podr\u00e1 continuar donde lo dej\u00f3. Hay multimedia en todos [&hellip;]<\/p>\n","protected":false},"author":2,"featured_media":0,"parent":1053,"menu_order":0,"comment_status":"closed","ping_status":"closed","template":"","meta":{"_et_pb_use_builder":"on","_et_pb_old_content":"","_et_gb_content_width":"","_monsterinsights_skip_tracking":false,"_monsterinsights_sitenote_active":false,"_monsterinsights_sitenote_note":"","_monsterinsights_sitenote_category":0,"footnotes":""},"class_list":["post-1072","page","type-page","status-publish","hentry"],"_links":{"self":[{"href":"https:\/\/necmhttc.org\/storylinesamples\/wp-json\/wp\/v2\/pages\/1072","targetHints":{"allow":["GET"]}}],"collection":[{"href":"https:\/\/necmhttc.org\/storylinesamples\/wp-json\/wp\/v2\/pages"}],"about":[{"href":"https:\/\/necmhttc.org\/storylinesamples\/wp-json\/wp\/v2\/types\/page"}],"author":[{"embeddable":true,"href":"https:\/\/necmhttc.org\/storylinesamples\/wp-json\/wp\/v2\/users\/2"}],"replies":[{"embeddable":true,"href":"https:\/\/necmhttc.org\/storylinesamples\/wp-json\/wp\/v2\/comments?post=1072"}],"version-history":[{"count":5,"href":"https:\/\/necmhttc.org\/storylinesamples\/wp-json\/wp\/v2\/pages\/1072\/revisions"}],"predecessor-version":[{"id":1101,"href":"https:\/\/necmhttc.org\/storylinesamples\/wp-json\/wp\/v2\/pages\/1072\/revisions\/1101"}],"up":[{"embeddable":true,"href":"https:\/\/necmhttc.org\/storylinesamples\/wp-json\/wp\/v2\/pages\/1053"}],"wp:attachment":[{"href":"https:\/\/necmhttc.org\/storylinesamples\/wp-json\/wp\/v2\/media?parent=1072"}],"curies":[{"name":"wp","href":"https:\/\/api.w.org\/{rel}","templated":true}]}}